{"id":2338,"date":"2026-03-13T18:04:01","date_gmt":"2026-03-13T17:04:01","guid":{"rendered":"https:\/\/erwinundfritzle.de\/?page_id=2338"},"modified":"2026-03-13T18:13:08","modified_gmt":"2026-03-13T17:13:08","slug":"kanada-2022","status":"publish","type":"page","link":"https:\/\/erwinundfritzle.de\/index.php\/reiseblogs\/kanada-2022\/","title":{"rendered":"Kanada 2022"},"content":{"rendered":"<style type='text\/css' media='all'>#rt-tpg-container-3999423685 .rt-holder .rt-woo-info .price{color:#0367bf;}body .rt-tpg-container .rt-tpg-isotope-buttons .selected,\n\t\t\t\t\t#rt-tpg-container-3999423685 .layout12 .rt-holder:hover .rt-detail,\n\t\t\t\t\t#rt-tpg-container-3999423685 .isotope8 .rt-holder:hover .rt-detail,\n\t\t\t\t\t#rt-tpg-container-3999423685 .carousel8 .rt-holder:hover .rt-detail,\n\t\t\t\t\t#rt-tpg-container-3999423685 .layout13 .rt-holder .overlay .post-info,\n\t\t\t\t\t#rt-tpg-container-3999423685 .isotope9 .rt-holder .overlay .post-info,\n\t\t\t\t\t#rt-tpg-container-3999423685.rt-tpg-container .layout4 .rt-holder .rt-detail,\n\t\t\t\t\t.rt-modal-3999423685 .md-content,\n\t\t\t\t\t.rt-modal-3999423685 .md-content > .rt-md-content-holder .rt-md-content,\n\t\t\t\t\t.rt-popup-wrap-3999423685.rt-popup-wrap .rt-popup-navigation-wrap,\n\t\t\t\t\t#rt-tpg-container-3999423685 .carousel9 .rt-holder .overlay .post-info{background-color:#0367bf;}#rt-tpg-container-3999423685 .layout5 .rt-holder .overlay, #rt-tpg-container-3999423685 .isotope2 .rt-holder .overlay, #rt-tpg-container-3999423685 .carousel2 .rt-holder .overlay,#rt-tpg-container-3999423685 .layout15 .rt-holder h3, #rt-tpg-container-3999423685 .isotope11 .rt-holder h3, #rt-tpg-container-3999423685 .carousel11 .rt-holder h3, #rt-tpg-container-3999423685 .layout16 .rt-holder h3,\n\t\t\t\t\t#rt-tpg-container-3999423685 .isotope12 .rt-holder h3, #rt-tpg-container-3999423685 .carousel12 .rt-holder h3 {background-color:rgba(3,103,191,0.8);}#rt-tpg-container-3999423685 .read-more a{border-radius:px;}#rt-tpg-container-3999423685 .rt-img-holder img.rt-img-responsive,#rt-tpg-container-3999423685 .rt-img-holder,\n\t\t\t\t\t#rt-tpg-container-3999423685 .rt-post-overlay .post-img,\n\t\t\t\t\t#rt-tpg-container-3999423685 .post-sm .post-img,\n\t\t\t\t\t#rt-tpg-container-3999423685 .rt-post-grid .post-img,\n\t\t\t\t\t#rt-tpg-container-3999423685 .post-img img {border-radius:px;}<\/style><div class='rt-container-fluid rt-tpg-container tpg-shortcode-main-wrapper ' id='rt-tpg-container-3999423685'   data-layout='layout1' data-grid-style='even' data-desktop-col='3'  data-tab-col='2'  data-mobile-col='1' data-sc-id='2337'><div class=\"tpg-widget-heading-wrapper heading-style1 \"><span class=\"tpg-widget-heading-line line-left\"><\/span><h2 class=\"tpg-widget-heading\">Kanada 2022<\/h2><span class=\"tpg-widget-heading-line\"><\/span><\/div><div data-title='Loading ...' class='rt-row rt-content-loader   layout1 tpg-even '><div class=\"rt-col-md-4 rt-col-sm-6 rt-col-xs-12 even-grid-item rt-grid-item\" data-id=\"1101\"><div class=\"rt-holder\"><div class=\"rt-img-holder\"><a data-id=\"1101\" class=\"\" href=\"https:\/\/erwinundfritzle.de\/index.php\/2022\/07\/05\/wer-eine-reise-tut\/\"><img loading=\"lazy\" decoding=\"async\" width=\"2560\" height=\"809\" src=\"https:\/\/i0.wp.com\/erwinundfritzle.de\/wp-content\/uploads\/2022\/07\/20220705_122342-scaled.jpg?fit=2560%2C809&amp;ssl=1\" class=\"rt-img-responsive \" alt=\"\" data-attachment-id=\"1179\" data-permalink=\"https:\/\/erwinundfritzle.de\/index.php\/2022\/07\/05\/wer-eine-reise-tut\/20220705_122342\/\" data-orig-file=\"https:\/\/i0.wp.com\/erwinundfritzle.de\/wp-content\/uploads\/2022\/07\/20220705_122342-scaled.jpg?fit=2560%2C809&amp;ssl=1\" data-orig-size=\"2560,809\" data-comments-opened=\"1\" data-image-meta=\"{&quot;aperture&quot;:&quot;0&quot;,&quot;credit&quot;:&quot;&quot;,&quot;camera&quot;:&quot;&quot;,&quot;caption&quot;:&quot;&quot;,&quot;created_timestamp&quot;:&quot;0&quot;,&quot;copyright&quot;:&quot;&quot;,&quot;focal_length&quot;:&quot;0&quot;,&quot;iso&quot;:&quot;0&quot;,&quot;shutter_speed&quot;:&quot;0&quot;,&quot;title&quot;:&quot;&quot;,&quot;orientation&quot;:&quot;1&quot;}\" data-image-title=\"20220705_122342\" data-image-description=\"\" data-image-caption=\"\" data-large-file=\"https:\/\/i0.wp.com\/erwinundfritzle.de\/wp-content\/uploads\/2022\/07\/20220705_122342-scaled.jpg?fit=950%2C301&amp;ssl=1\" \/><\/a><\/div><div class='rt-detail'><h3 class=\"entry-title\"><a data-id=\"1101\" class=\"\" href=\"https:\/\/erwinundfritzle.de\/index.php\/2022\/07\/05\/wer-eine-reise-tut\/\">Wer eine Reise tut&#8230;<\/a><\/h3><div class='post-meta-user  '><span class='author'><i class='flaticon-user '><\/i><a href=\"https:\/\/erwinundfritzle.de\/index.php\/author\/fritzle\/\">Fritzle<\/a><\/span><span class='date'><i class='flaticon-calendar '><\/i>5. Juli 2022<\/span><span class='categories-links'><i class='flaticon-folder '><\/i><a class=\"kanada2022\" href=\"https:\/\/erwinundfritzle.de\/index.php\/category\/kanada2022\/\" rel=\"tag\">Kanada2022<\/a><\/span><span class=\"comment-count\"><i class='flaticon-chat '><\/i><a href='https:\/\/erwinundfritzle.de\/index.php\/2022\/07\/05\/wer-eine-reise-tut\/#respond'>(0) <\/a><\/span><\/div><div class='tpg-excerpt'>der kann was erz\u00e4hlen. Diese Erz\u00e4hlung beginnt um 5.12 Uhr in der Stuttgarter U-Bahn. Da...<\/div><div class='post-meta '><span class='read-more'><a data-id='1101' class='' href='https:\/\/erwinundfritzle.de\/index.php\/2022\/07\/05\/wer-eine-reise-tut\/'>Read More<\/a><\/span><\/div><\/div><\/div><\/div><div class=\"rt-col-md-4 rt-col-sm-6 rt-col-xs-12 even-grid-item rt-grid-item\" data-id=\"1202\"><div class=\"rt-holder\"><div class=\"rt-img-holder\"><a data-id=\"1202\" class=\"\" href=\"https:\/\/erwinundfritzle.de\/index.php\/2022\/07\/07\/looking-for-wildlife\/\"><img loading=\"lazy\" decoding=\"async\" width=\"2048\" height=\"568\" src=\"https:\/\/i0.wp.com\/erwinundfritzle.de\/wp-content\/uploads\/2022\/07\/20220707_104325-scaled-e1658575658418.jpg?fit=2048%2C568&amp;ssl=1\" class=\"rt-img-responsive \" alt=\"\" data-attachment-id=\"1204\" data-permalink=\"https:\/\/erwinundfritzle.de\/index.php\/2022\/07\/07\/looking-for-wildlife\/20220707_104325\/\" data-orig-file=\"https:\/\/i0.wp.com\/erwinundfritzle.de\/wp-content\/uploads\/2022\/07\/20220707_104325-scaled-e1658575658418.jpg?fit=2048%2C568&amp;ssl=1\" data-orig-size=\"2048,568\" data-comments-opened=\"1\" data-image-meta=\"{&quot;aperture&quot;:&quot;2.4&quot;,&quot;credit&quot;:&quot;&quot;,&quot;camera&quot;:&quot;SM-G973F&quot;,&quot;caption&quot;:&quot;&quot;,&quot;created_timestamp&quot;:&quot;1657190605&quot;,&quot;copyright&quot;:&quot;&quot;,&quot;focal_length&quot;:&quot;4.32&quot;,&quot;iso&quot;:&quot;50&quot;,&quot;shutter_speed&quot;:&quot;0.00096525096525097&quot;,&quot;title&quot;:&quot;&quot;,&quot;orientation&quot;:&quot;1&quot;}\" data-image-title=\"20220707_104325\" data-image-description=\"\" data-image-caption=\"\" data-large-file=\"https:\/\/i0.wp.com\/erwinundfritzle.de\/wp-content\/uploads\/2022\/07\/20220707_104325-scaled-e1658575658418.jpg?fit=950%2C263&amp;ssl=1\" \/><\/a><\/div><div class='rt-detail'><h3 class=\"entry-title\"><a data-id=\"1202\" class=\"\" href=\"https:\/\/erwinundfritzle.de\/index.php\/2022\/07\/07\/looking-for-wildlife\/\">Looking for Wildlife<\/a><\/h3><div class='post-meta-user  '><span class='author'><i class='flaticon-user '><\/i><a href=\"https:\/\/erwinundfritzle.de\/index.php\/author\/fritzle\/\">Fritzle<\/a><\/span><span class='date'><i class='flaticon-calendar '><\/i>7. Juli 2022<\/span><span class='categories-links'><i class='flaticon-folder '><\/i><a class=\"kanada2022\" href=\"https:\/\/erwinundfritzle.de\/index.php\/category\/kanada2022\/\" rel=\"tag\">Kanada2022<\/a><\/span><span class=\"comment-count\"><i class='flaticon-chat '><\/i><a href='https:\/\/erwinundfritzle.de\/index.php\/2022\/07\/07\/looking-for-wildlife\/#respond'>(0) <\/a><\/span><\/div><div class='tpg-excerpt'>Die erste Nacht in Banff endete exakt wie am vorherigen Morgen um 5.30 Uhr. Wieder...<\/div><div class='post-meta '><span class='read-more'><a data-id='1202' class='' href='https:\/\/erwinundfritzle.de\/index.php\/2022\/07\/07\/looking-for-wildlife\/'>Read More<\/a><\/span><\/div><\/div><\/div><\/div><div class=\"rt-col-md-4 rt-col-sm-6 rt-col-xs-12 even-grid-item rt-grid-item\" data-id=\"1217\"><div class=\"rt-holder\"><div class=\"rt-img-holder\"><a data-id=\"1217\" class=\"\" href=\"https:\/\/erwinundfritzle.de\/index.php\/2022\/07\/08\/ein-bisschen-glueck-muss-sein\/\"><img loading=\"lazy\" decoding=\"async\" width=\"2048\" height=\"604\" src=\"https:\/\/i0.wp.com\/erwinundfritzle.de\/wp-content\/uploads\/2022\/07\/20220708_105709-scaled-e1658672171752.jpg?fit=2048%2C604&amp;ssl=1\" class=\"rt-img-responsive \" alt=\"\" data-attachment-id=\"1219\" data-permalink=\"https:\/\/erwinundfritzle.de\/index.php\/2022\/07\/08\/ein-bisschen-glueck-muss-sein\/20220708_105709\/\" data-orig-file=\"https:\/\/i0.wp.com\/erwinundfritzle.de\/wp-content\/uploads\/2022\/07\/20220708_105709-scaled-e1658672171752.jpg?fit=2048%2C604&amp;ssl=1\" data-orig-size=\"2048,604\" data-comments-opened=\"1\" data-image-meta=\"{&quot;aperture&quot;:&quot;2.2&quot;,&quot;credit&quot;:&quot;&quot;,&quot;camera&quot;:&quot;SM-G973F&quot;,&quot;caption&quot;:&quot;&quot;,&quot;created_timestamp&quot;:&quot;1657277829&quot;,&quot;copyright&quot;:&quot;&quot;,&quot;focal_length&quot;:&quot;1.8&quot;,&quot;iso&quot;:&quot;50&quot;,&quot;shutter_speed&quot;:&quot;0.0010989010989011&quot;,&quot;title&quot;:&quot;&quot;,&quot;orientation&quot;:&quot;1&quot;}\" data-image-title=\"20220708_105709\" data-image-description=\"\" data-image-caption=\"\" data-large-file=\"https:\/\/i0.wp.com\/erwinundfritzle.de\/wp-content\/uploads\/2022\/07\/20220708_105709-scaled-e1658672171752.jpg?fit=950%2C280&amp;ssl=1\" \/><\/a><\/div><div class='rt-detail'><h3 class=\"entry-title\"><a data-id=\"1217\" class=\"\" href=\"https:\/\/erwinundfritzle.de\/index.php\/2022\/07\/08\/ein-bisschen-glueck-muss-sein\/\">Ein bisschen Gl\u00fcck muss sein<\/a><\/h3><div class='post-meta-user  '><span class='author'><i class='flaticon-user '><\/i><a href=\"https:\/\/erwinundfritzle.de\/index.php\/author\/fritzle\/\">Fritzle<\/a><\/span><span class='date'><i class='flaticon-calendar '><\/i>8. Juli 2022<\/span><span class='categories-links'><i class='flaticon-folder '><\/i><a class=\"kanada2022\" href=\"https:\/\/erwinundfritzle.de\/index.php\/category\/kanada2022\/\" rel=\"tag\">Kanada2022<\/a><\/span><span class=\"comment-count\"><i class='flaticon-chat '><\/i><a href='https:\/\/erwinundfritzle.de\/index.php\/2022\/07\/08\/ein-bisschen-glueck-muss-sein\/#respond'>(0) <\/a><\/span><\/div><div class='tpg-excerpt'>Ein weiteres, absolutes Highlight des Banff Nationalparks ist wortw\u00f6rtlich neben Lake Louise der Moraine Lake...<\/div><div class='post-meta '><span class='read-more'><a data-id='1217' class='' href='https:\/\/erwinundfritzle.de\/index.php\/2022\/07\/08\/ein-bisschen-glueck-muss-sein\/'>Read More<\/a><\/span><\/div><\/div><\/div><\/div><div class=\"rt-col-md-4 rt-col-sm-6 rt-col-xs-12 even-grid-item rt-grid-item\" data-id=\"1235\"><div class=\"rt-holder\"><div class=\"rt-img-holder\"><a data-id=\"1235\" class=\"\" href=\"https:\/\/erwinundfritzle.de\/index.php\/2022\/07\/10\/der-baer-ist-los\/\"><img loading=\"lazy\" decoding=\"async\" width=\"2048\" height=\"532\" src=\"https:\/\/i0.wp.com\/erwinundfritzle.de\/wp-content\/uploads\/2022\/07\/20220710_105550-scaled-e1658675431924.jpg?fit=2048%2C532&amp;ssl=1\" class=\"rt-img-responsive \" alt=\"\" data-attachment-id=\"1240\" data-permalink=\"https:\/\/erwinundfritzle.de\/index.php\/2022\/07\/10\/der-baer-ist-los\/20220710_105550\/\" data-orig-file=\"https:\/\/i0.wp.com\/erwinundfritzle.de\/wp-content\/uploads\/2022\/07\/20220710_105550-scaled-e1658675431924.jpg?fit=2048%2C532&amp;ssl=1\" data-orig-size=\"2048,532\" data-comments-opened=\"1\" data-image-meta=\"{&quot;aperture&quot;:&quot;2.4&quot;,&quot;credit&quot;:&quot;&quot;,&quot;camera&quot;:&quot;SM-G973F&quot;,&quot;caption&quot;:&quot;&quot;,&quot;created_timestamp&quot;:&quot;1657450550&quot;,&quot;copyright&quot;:&quot;&quot;,&quot;focal_length&quot;:&quot;4.32&quot;,&quot;iso&quot;:&quot;50&quot;,&quot;shutter_speed&quot;:&quot;0.0054054054054054&quot;,&quot;title&quot;:&quot;&quot;,&quot;orientation&quot;:&quot;1&quot;}\" data-image-title=\"20220710_105550\" data-image-description=\"\" data-image-caption=\"\" data-large-file=\"https:\/\/i0.wp.com\/erwinundfritzle.de\/wp-content\/uploads\/2022\/07\/20220710_105550-scaled-e1658675431924.jpg?fit=950%2C247&amp;ssl=1\" \/><\/a><\/div><div class='rt-detail'><h3 class=\"entry-title\"><a data-id=\"1235\" class=\"\" href=\"https:\/\/erwinundfritzle.de\/index.php\/2022\/07\/10\/der-baer-ist-los\/\">Der B\u00e4r ist los<\/a><\/h3><div class='post-meta-user  '><span class='author'><i class='flaticon-user '><\/i><a href=\"https:\/\/erwinundfritzle.de\/index.php\/author\/fritzle\/\">Fritzle<\/a><\/span><span class='date'><i class='flaticon-calendar '><\/i>10. Juli 2022<\/span><span class='categories-links'><i class='flaticon-folder '><\/i><a class=\"kanada2022\" href=\"https:\/\/erwinundfritzle.de\/index.php\/category\/kanada2022\/\" rel=\"tag\">Kanada2022<\/a><\/span><span class=\"comment-count\"><i class='flaticon-chat '><\/i><a href='https:\/\/erwinundfritzle.de\/index.php\/2022\/07\/10\/der-baer-ist-los\/#respond'>(0) <\/a><\/span><\/div><div class='tpg-excerpt'>Wer dachte, um 21 Uhr ins Bett zu gehen sei schon fr\u00fch, der sollte jetzt...<\/div><div class='post-meta '><span class='read-more'><a data-id='1235' class='' href='https:\/\/erwinundfritzle.de\/index.php\/2022\/07\/10\/der-baer-ist-los\/'>Read More<\/a><\/span><\/div><\/div><\/div><\/div><div class=\"rt-col-md-4 rt-col-sm-6 rt-col-xs-12 even-grid-item rt-grid-item\" data-id=\"1225\"><div class=\"rt-holder\"><div class=\"rt-img-holder\"><a data-id=\"1225\" class=\"\" href=\"https:\/\/erwinundfritzle.de\/index.php\/2022\/07\/09\/berge-ueber-berge\/\"><img loading=\"lazy\" decoding=\"async\" width=\"2048\" height=\"604\" src=\"https:\/\/i0.wp.com\/erwinundfritzle.de\/wp-content\/uploads\/2022\/07\/20220709_102012-scaled-e1658674059407.jpg?fit=2048%2C604&amp;ssl=1\" class=\"rt-img-responsive \" alt=\"\" data-attachment-id=\"1230\" data-permalink=\"https:\/\/erwinundfritzle.de\/index.php\/2022\/07\/09\/berge-ueber-berge\/20220709_102012\/\" data-orig-file=\"https:\/\/i0.wp.com\/erwinundfritzle.de\/wp-content\/uploads\/2022\/07\/20220709_102012-scaled-e1658674059407.jpg?fit=2048%2C604&amp;ssl=1\" data-orig-size=\"2048,604\" data-comments-opened=\"1\" data-image-meta=\"{&quot;aperture&quot;:&quot;2.4&quot;,&quot;credit&quot;:&quot;&quot;,&quot;camera&quot;:&quot;SM-G973F&quot;,&quot;caption&quot;:&quot;&quot;,&quot;created_timestamp&quot;:&quot;1657362012&quot;,&quot;copyright&quot;:&quot;&quot;,&quot;focal_length&quot;:&quot;4.32&quot;,&quot;iso&quot;:&quot;50&quot;,&quot;shutter_speed&quot;:&quot;0.00022163120567376&quot;,&quot;title&quot;:&quot;&quot;,&quot;orientation&quot;:&quot;1&quot;}\" data-image-title=\"20220709_102012\" data-image-description=\"\" data-image-caption=\"\" data-large-file=\"https:\/\/i0.wp.com\/erwinundfritzle.de\/wp-content\/uploads\/2022\/07\/20220709_102012-scaled-e1658674059407.jpg?fit=950%2C280&amp;ssl=1\" \/><\/a><\/div><div class='rt-detail'><h3 class=\"entry-title\"><a data-id=\"1225\" class=\"\" href=\"https:\/\/erwinundfritzle.de\/index.php\/2022\/07\/09\/berge-ueber-berge\/\">Berge \u00fcber Berge<\/a><\/h3><div class='post-meta-user  '><span class='author'><i class='flaticon-user '><\/i><a href=\"https:\/\/erwinundfritzle.de\/index.php\/author\/fritzle\/\">Fritzle<\/a><\/span><span class='date'><i class='flaticon-calendar '><\/i>9. Juli 2022<\/span><span class='categories-links'><i class='flaticon-folder '><\/i><a class=\"kanada2022\" href=\"https:\/\/erwinundfritzle.de\/index.php\/category\/kanada2022\/\" rel=\"tag\">Kanada2022<\/a><\/span><span class=\"comment-count\"><i class='flaticon-chat '><\/i><a href='https:\/\/erwinundfritzle.de\/index.php\/2022\/07\/09\/berge-ueber-berge\/#respond'>(0) <\/a><\/span><\/div><div class='tpg-excerpt'>Nachdem um 21 Uhr Schicht im Schacht war, ging es am n\u00e4chsten Morgen fast noch...<\/div><div class='post-meta '><span class='read-more'><a data-id='1225' class='' href='https:\/\/erwinundfritzle.de\/index.php\/2022\/07\/09\/berge-ueber-berge\/'>Read More<\/a><\/span><\/div><\/div><\/div><\/div><div class=\"rt-col-md-4 rt-col-sm-6 rt-col-xs-12 even-grid-item rt-grid-item\" data-id=\"1186\"><div class=\"rt-holder\"><div class=\"rt-img-holder\"><a data-id=\"1186\" class=\"\" href=\"https:\/\/erwinundfritzle.de\/index.php\/2022\/07\/06\/auf-nach-banff\/\"><img loading=\"lazy\" decoding=\"async\" width=\"2048\" height=\"711\" src=\"https:\/\/i0.wp.com\/erwinundfritzle.de\/wp-content\/uploads\/2022\/07\/20220706_194208-1-scaled-e1658573680305.jpg?fit=2048%2C711&amp;ssl=1\" class=\"rt-img-responsive \" alt=\"\" data-attachment-id=\"1191\" data-permalink=\"https:\/\/erwinundfritzle.de\/index.php\/2022\/07\/06\/auf-nach-banff\/20220706_194208-2\/\" data-orig-file=\"https:\/\/i0.wp.com\/erwinundfritzle.de\/wp-content\/uploads\/2022\/07\/20220706_194208-1-scaled-e1658573680305.jpg?fit=2048%2C711&amp;ssl=1\" data-orig-size=\"2048,711\" data-comments-opened=\"1\" data-image-meta=\"{&quot;aperture&quot;:&quot;2.4&quot;,&quot;credit&quot;:&quot;&quot;,&quot;camera&quot;:&quot;SM-G973F&quot;,&quot;caption&quot;:&quot;&quot;,&quot;created_timestamp&quot;:&quot;1657136528&quot;,&quot;copyright&quot;:&quot;&quot;,&quot;focal_length&quot;:&quot;4.32&quot;,&quot;iso&quot;:&quot;50&quot;,&quot;shutter_speed&quot;:&quot;0.0013157894736842&quot;,&quot;title&quot;:&quot;&quot;,&quot;orientation&quot;:&quot;1&quot;}\" data-image-title=\"20220706_194208\" data-image-description=\"\" data-image-caption=\"\" data-large-file=\"https:\/\/i0.wp.com\/erwinundfritzle.de\/wp-content\/uploads\/2022\/07\/20220706_194208-1-scaled-e1658573680305.jpg?fit=950%2C330&amp;ssl=1\" \/><\/a><\/div><div class='rt-detail'><h3 class=\"entry-title\"><a data-id=\"1186\" class=\"\" href=\"https:\/\/erwinundfritzle.de\/index.php\/2022\/07\/06\/auf-nach-banff\/\"><strong>Auf nach Banff<\/strong><\/a><\/h3><div class='post-meta-user  '><span class='author'><i class='flaticon-user '><\/i><a href=\"https:\/\/erwinundfritzle.de\/index.php\/author\/fritzle\/\">Fritzle<\/a><\/span><span class='date'><i class='flaticon-calendar '><\/i>6. Juli 2022<\/span><span class='categories-links'><i class='flaticon-folder '><\/i><a class=\"kanada2022\" href=\"https:\/\/erwinundfritzle.de\/index.php\/category\/kanada2022\/\" rel=\"tag\">Kanada2022<\/a><\/span><span class=\"comment-count\"><i class='flaticon-chat '><\/i><a href='https:\/\/erwinundfritzle.de\/index.php\/2022\/07\/06\/auf-nach-banff\/#respond'>(0) <\/a><\/span><\/div><div class='tpg-excerpt'>Nach einer eher kurzen Nacht ging es auf Fr\u00fchst\u00fccksjagd. Scheinbar ist es f\u00fcr kanadische Hotels...<\/div><div class='post-meta '><span class='read-more'><a data-id='1186' class='' href='https:\/\/erwinundfritzle.de\/index.php\/2022\/07\/06\/auf-nach-banff\/'>Read More<\/a><\/span><\/div><\/div><\/div><\/div><\/div><\/div>\n","protected":false},"excerpt":{"rendered":"","protected":false},"author":3,"featured_media":0,"parent":610,"menu_order":95,"comment_status":"closed","ping_status":"closed","template":"","meta":{"inspiro_hide_title":false,"footnotes":""},"class_list":["post-2338","page","type-page","status-publish","hentry"],"jetpack_sharing_enabled":true,"jetpack-related-posts":[{"id":2326,"url":"https:\/\/erwinundfritzle.de\/index.php\/reiseblogs\/namibia-2024\/","url_meta":{"origin":2338,"position":0},"title":"Namibia 2024","author":"Erwin","date":"12. M\u00e4rz 2026","format":false,"excerpt":"","rel":"","context":"\u00c4hnlicher Beitrag","block_context":{"text":"\u00c4hnlicher Beitrag","link":""},"img":{"alt_text":"","src":"","width":0,"height":0},"classes":[]},{"id":2346,"url":"https:\/\/erwinundfritzle.de\/index.php\/reiseblogs\/bayer-2021\/","url_meta":{"origin":2338,"position":1},"title":"Bayern 2021","author":"Erwin","date":"13. M\u00e4rz 2026","format":false,"excerpt":"","rel":"","context":"\u00c4hnlicher Beitrag","block_context":{"text":"\u00c4hnlicher Beitrag","link":""},"img":{"alt_text":"","src":"","width":0,"height":0},"classes":[]}],"rttpg_featured_image_url":null,"rttpg_author":{"display_name":"Erwin","author_link":"https:\/\/erwinundfritzle.de\/index.php\/author\/erwin\/"},"rttpg_comment":0,"rttpg_category":"","rttpg_excerpt":null,"_links":{"self":[{"href":"https:\/\/erwinundfritzle.de\/index.php\/wp-json\/wp\/v2\/pages\/2338","targetHints":{"allow":["GET"]}}],"collection":[{"href":"https:\/\/erwinundfritzle.de\/index.php\/wp-json\/wp\/v2\/pages"}],"about":[{"href":"https:\/\/erwinundfritzle.de\/index.php\/wp-json\/wp\/v2\/types\/page"}],"author":[{"embeddable":true,"href":"https:\/\/erwinundfritzle.de\/index.php\/wp-json\/wp\/v2\/users\/3"}],"replies":[{"embeddable":true,"href":"https:\/\/erwinundfritzle.de\/index.php\/wp-json\/wp\/v2\/comments?post=2338"}],"version-history":[{"count":1,"href":"https:\/\/erwinundfritzle.de\/index.php\/wp-json\/wp\/v2\/pages\/2338\/revisions"}],"predecessor-version":[{"id":2340,"href":"https:\/\/erwinundfritzle.de\/index.php\/wp-json\/wp\/v2\/pages\/2338\/revisions\/2340"}],"up":[{"embeddable":true,"href":"https:\/\/erwinundfritzle.de\/index.php\/wp-json\/wp\/v2\/pages\/610"}],"wp:attachment":[{"href":"https:\/\/erwinundfritzle.de\/index.php\/wp-json\/wp\/v2\/media?parent=2338"}],"curies":[{"name":"wp","href":"https:\/\/api.w.org\/{rel}","templated":true}]}}