{"id":2342,"date":"2026-03-13T18:05:16","date_gmt":"2026-03-13T17:05:16","guid":{"rendered":"https:\/\/erwinundfritzle.de\/?page_id=2342"},"modified":"2026-03-13T18:12:38","modified_gmt":"2026-03-13T17:12:38","slug":"suedostasien-2019","status":"publish","type":"page","link":"https:\/\/erwinundfritzle.de\/index.php\/reiseblogs\/suedostasien-2019\/","title":{"rendered":"S\u00fcdostasien 2019"},"content":{"rendered":"<style type='text\/css' media='all'>#rt-tpg-container-999789557 .rt-holder .rt-woo-info .price{color:#0367bf;}body .rt-tpg-container .rt-tpg-isotope-buttons .selected,\n\t\t\t\t\t#rt-tpg-container-999789557 .layout12 .rt-holder:hover .rt-detail,\n\t\t\t\t\t#rt-tpg-container-999789557 .isotope8 .rt-holder:hover .rt-detail,\n\t\t\t\t\t#rt-tpg-container-999789557 .carousel8 .rt-holder:hover .rt-detail,\n\t\t\t\t\t#rt-tpg-container-999789557 .layout13 .rt-holder .overlay .post-info,\n\t\t\t\t\t#rt-tpg-container-999789557 .isotope9 .rt-holder .overlay .post-info,\n\t\t\t\t\t#rt-tpg-container-999789557.rt-tpg-container .layout4 .rt-holder .rt-detail,\n\t\t\t\t\t.rt-modal-999789557 .md-content,\n\t\t\t\t\t.rt-modal-999789557 .md-content > .rt-md-content-holder .rt-md-content,\n\t\t\t\t\t.rt-popup-wrap-999789557.rt-popup-wrap .rt-popup-navigation-wrap,\n\t\t\t\t\t#rt-tpg-container-999789557 .carousel9 .rt-holder .overlay .post-info{background-color:#0367bf;}#rt-tpg-container-999789557 .layout5 .rt-holder .overlay, #rt-tpg-container-999789557 .isotope2 .rt-holder .overlay, #rt-tpg-container-999789557 .carousel2 .rt-holder .overlay,#rt-tpg-container-999789557 .layout15 .rt-holder h3, #rt-tpg-container-999789557 .isotope11 .rt-holder h3, #rt-tpg-container-999789557 .carousel11 .rt-holder h3, #rt-tpg-container-999789557 .layout16 .rt-holder h3,\n\t\t\t\t\t#rt-tpg-container-999789557 .isotope12 .rt-holder h3, #rt-tpg-container-999789557 .carousel12 .rt-holder h3 {background-color:rgba(3,103,191,0.8);}#rt-tpg-container-999789557 .read-more a{border-radius:px;}#rt-tpg-container-999789557 .rt-img-holder img.rt-img-responsive,#rt-tpg-container-999789557 .rt-img-holder,\n\t\t\t\t\t#rt-tpg-container-999789557 .rt-post-overlay .post-img,\n\t\t\t\t\t#rt-tpg-container-999789557 .post-sm .post-img,\n\t\t\t\t\t#rt-tpg-container-999789557 .rt-post-grid .post-img,\n\t\t\t\t\t#rt-tpg-container-999789557 .post-img img {border-radius:px;}<\/style><div class='rt-container-fluid rt-tpg-container tpg-shortcode-main-wrapper ' id='rt-tpg-container-999789557'   data-layout='layout1' data-grid-style='even' data-desktop-col='3'  data-tab-col='2'  data-mobile-col='1' data-sc-id='2341'><div class=\"tpg-widget-heading-wrapper heading-style1 \"><span class=\"tpg-widget-heading-line line-left\"><\/span><h2 class=\"tpg-widget-heading\">S\u00fcdostasien 2019<\/h2><span class=\"tpg-widget-heading-line\"><\/span><\/div><div data-title='Loading ...' class='rt-row rt-content-loader   layout1 tpg-even '><div class=\"rt-col-md-4 rt-col-sm-6 rt-col-xs-12 even-grid-item rt-grid-item\" data-id=\"562\"><div class=\"rt-holder\"><div class='rt-detail'><h3 class=\"entry-title\"><a data-id=\"562\" class=\"\" href=\"https:\/\/erwinundfritzle.de\/index.php\/2019\/07\/17\/nix-darf-man-singapur\/\">Nix darf man, Singapur!<\/a><\/h3><div class='post-meta-user  '><span class='author'><i class='flaticon-user '><\/i><a href=\"https:\/\/erwinundfritzle.de\/index.php\/author\/fritzle\/\">Fritzle<\/a><\/span><span class='date'><i class='flaticon-calendar '><\/i>17. Juli 2019<\/span><span class='categories-links'><i class='flaticon-folder '><\/i><a class=\"singapur\" href=\"https:\/\/erwinundfritzle.de\/index.php\/category\/singapur\/\" rel=\"tag\">Singapur<\/a><span class=\"rt-separator\">,<\/span><a class=\"sonderausgabe\" href=\"https:\/\/erwinundfritzle.de\/index.php\/category\/sonderausgabe\/\" rel=\"tag\">Sonderausgabe<\/a><span class=\"rt-separator\">,<\/span><a class=\"suedostasien2019\" href=\"https:\/\/erwinundfritzle.de\/index.php\/category\/suedostasien2019\/\" rel=\"tag\">S\u00fcdostasien2019<\/a><\/span><span class=\"comment-count\"><i class='flaticon-chat '><\/i><a href='https:\/\/erwinundfritzle.de\/index.php\/2019\/07\/17\/nix-darf-man-singapur\/#respond'>(0) <\/a><\/span><\/div><div class='tpg-excerpt'>...<\/div><div class='post-meta '><span class='read-more'><a data-id='562' class='' href='https:\/\/erwinundfritzle.de\/index.php\/2019\/07\/17\/nix-darf-man-singapur\/'>Read More<\/a><\/span><\/div><\/div><\/div><\/div><div class=\"rt-col-md-4 rt-col-sm-6 rt-col-xs-12 even-grid-item rt-grid-item\" data-id=\"543\"><div class=\"rt-holder\"><div class='rt-detail'><h3 class=\"entry-title\"><a data-id=\"543\" class=\"\" href=\"https:\/\/erwinundfritzle.de\/index.php\/2019\/07\/16\/schoen-wieder-hier-zu-sein\/\">Sch\u00f6n wieder hier zu sein<\/a><\/h3><div class='post-meta-user  '><span class='author'><i class='flaticon-user '><\/i><a href=\"https:\/\/erwinundfritzle.de\/index.php\/author\/erwin\/\">Erwin<\/a><\/span><span class='date'><i class='flaticon-calendar '><\/i>16. Juli 2019<\/span><span class='categories-links'><i class='flaticon-folder '><\/i><a class=\"singapur\" href=\"https:\/\/erwinundfritzle.de\/index.php\/category\/singapur\/\" rel=\"tag\">Singapur<\/a><span class=\"rt-separator\">,<\/span><a class=\"suedostasien2019\" href=\"https:\/\/erwinundfritzle.de\/index.php\/category\/suedostasien2019\/\" rel=\"tag\">S\u00fcdostasien2019<\/a><span class=\"rt-separator\">,<\/span><a class=\"tag-26\" href=\"https:\/\/erwinundfritzle.de\/index.php\/category\/tag-26\/\" rel=\"tag\">Tag 26<\/a><\/span><span class=\"comment-count\"><i class='flaticon-chat '><\/i><a href='https:\/\/erwinundfritzle.de\/index.php\/2019\/07\/16\/schoen-wieder-hier-zu-sein\/#respond'>(0) <\/a><\/span><\/div><div class='tpg-excerpt'>Wie an jedem unserer Reisetage hie\u00df es auch heute wieder: Sehr fr\u00fch aufstehen und ja...<\/div><div class='post-meta '><span class='read-more'><a data-id='543' class='' href='https:\/\/erwinundfritzle.de\/index.php\/2019\/07\/16\/schoen-wieder-hier-zu-sein\/'>Read More<\/a><\/span><\/div><\/div><\/div><\/div><div class=\"rt-col-md-4 rt-col-sm-6 rt-col-xs-12 even-grid-item rt-grid-item\" data-id=\"511\"><div class=\"rt-holder\"><div class='rt-detail'><h3 class=\"entry-title\"><a data-id=\"511\" class=\"\" href=\"https:\/\/erwinundfritzle.de\/index.php\/2019\/07\/15\/indonesischer-winter\/\">Indonesischer Winter<\/a><\/h3><div class='post-meta-user  '><span class='author'><i class='flaticon-user '><\/i><a href=\"https:\/\/erwinundfritzle.de\/index.php\/author\/fritzle\/\">Fritzle<\/a><\/span><span class='date'><i class='flaticon-calendar '><\/i>15. Juli 2019<\/span><span class='categories-links'><i class='flaticon-folder '><\/i><a class=\"indonesien\" href=\"https:\/\/erwinundfritzle.de\/index.php\/category\/indonesien\/\" rel=\"tag\">Indonesien<\/a><span class=\"rt-separator\">,<\/span><a class=\"suedostasien2019\" href=\"https:\/\/erwinundfritzle.de\/index.php\/category\/suedostasien2019\/\" rel=\"tag\">S\u00fcdostasien2019<\/a><span class=\"rt-separator\">,<\/span><a class=\"surabaya\" href=\"https:\/\/erwinundfritzle.de\/index.php\/category\/surabaya\/\" rel=\"tag\">Surabaya<\/a><span class=\"rt-separator\">,<\/span><a class=\"tag-22-23-24-und-25\" href=\"https:\/\/erwinundfritzle.de\/index.php\/category\/tag-22-23-24-und-25\/\" rel=\"tag\">Tag 22, 23, 24 und 25<\/a><\/span><span class=\"comment-count\"><i class='flaticon-chat '><\/i><a href='https:\/\/erwinundfritzle.de\/index.php\/2019\/07\/15\/indonesischer-winter\/#respond'>(0) <\/a><\/span><\/div><div class='tpg-excerpt'>Da sind wir nun, in Surabaya. Mit einem v\u00f6llig wackeligen Flug ging es von Pangkalan...<\/div><div class='post-meta '><span class='read-more'><a data-id='511' class='' href='https:\/\/erwinundfritzle.de\/index.php\/2019\/07\/15\/indonesischer-winter\/'>Read More<\/a><\/span><\/div><\/div><\/div><\/div><div class=\"rt-col-md-4 rt-col-sm-6 rt-col-xs-12 even-grid-item rt-grid-item\" data-id=\"329\"><div class=\"rt-holder\"><div class='rt-detail'><h3 class=\"entry-title\"><a data-id=\"329\" class=\"\" href=\"https:\/\/erwinundfritzle.de\/index.php\/2019\/07\/12\/sonderausgabe-von-popoduschen-und-hocktoiletten\/\">Sonderausgabe: Von Popoduschen und Hocktoiletten<\/a><\/h3><div class='post-meta-user  '><span class='author'><i class='flaticon-user '><\/i><a href=\"https:\/\/erwinundfritzle.de\/index.php\/author\/fritzle\/\">Fritzle<\/a><\/span><span class='date'><i class='flaticon-calendar '><\/i>12. Juli 2019<\/span><span class='categories-links'><i class='flaticon-folder '><\/i><a class=\"asien\" href=\"https:\/\/erwinundfritzle.de\/index.php\/category\/asien\/\" rel=\"tag\">Asien<\/a><span class=\"rt-separator\">,<\/span><a class=\"sonderausgabe\" href=\"https:\/\/erwinundfritzle.de\/index.php\/category\/sonderausgabe\/\" rel=\"tag\">Sonderausgabe<\/a><span class=\"rt-separator\">,<\/span><a class=\"suedostasien2019\" href=\"https:\/\/erwinundfritzle.de\/index.php\/category\/suedostasien2019\/\" rel=\"tag\">S\u00fcdostasien2019<\/a><\/span><span class=\"comment-count\"><i class='flaticon-chat '><\/i><a href='https:\/\/erwinundfritzle.de\/index.php\/2019\/07\/12\/sonderausgabe-von-popoduschen-und-hocktoiletten\/#respond'>(0) <\/a><\/span><\/div><div class='tpg-excerpt'>Andere L\u00e4nder andere Sitten, sagt man. Sehr zutreffend ist dieser Spruch im Vergleich zwischen Deutschland...<\/div><div class='post-meta '><span class='read-more'><a data-id='329' class='' href='https:\/\/erwinundfritzle.de\/index.php\/2019\/07\/12\/sonderausgabe-von-popoduschen-und-hocktoiletten\/'>Read More<\/a><\/span><\/div><\/div><\/div><\/div><div class=\"rt-col-md-4 rt-col-sm-6 rt-col-xs-12 even-grid-item rt-grid-item\" data-id=\"487\"><div class=\"rt-holder\"><div class='rt-detail'><h3 class=\"entry-title\"><a data-id=\"487\" class=\"\" href=\"https:\/\/erwinundfritzle.de\/index.php\/2019\/07\/11\/ich-packe-meinen-koffer\/\">Ich packe meinen Koffer&#8230;<\/a><\/h3><div class='post-meta-user  '><span class='author'><i class='flaticon-user '><\/i><a href=\"https:\/\/erwinundfritzle.de\/index.php\/author\/fritzle\/\">Fritzle<\/a><\/span><span class='date'><i class='flaticon-calendar '><\/i>11. Juli 2019<\/span><span class='categories-links'><i class='flaticon-folder '><\/i><a class=\"borneo\" href=\"https:\/\/erwinundfritzle.de\/index.php\/category\/borneo\/\" rel=\"tag\">Borneo<\/a><span class=\"rt-separator\">,<\/span><a class=\"indonesien\" href=\"https:\/\/erwinundfritzle.de\/index.php\/category\/indonesien\/\" rel=\"tag\">Indonesien<\/a><span class=\"rt-separator\">,<\/span><a class=\"pangkalan-bun\" href=\"https:\/\/erwinundfritzle.de\/index.php\/category\/pangkalan-bun\/\" rel=\"tag\">Pangkalan Bun<\/a><span class=\"rt-separator\">,<\/span><a class=\"suedostasien2019\" href=\"https:\/\/erwinundfritzle.de\/index.php\/category\/suedostasien2019\/\" rel=\"tag\">S\u00fcdostasien2019<\/a><span class=\"rt-separator\">,<\/span><a class=\"tag-22\" href=\"https:\/\/erwinundfritzle.de\/index.php\/category\/tag-22\/\" rel=\"tag\">Tag 22<\/a><\/span><span class=\"comment-count\"><i class='flaticon-chat '><\/i><a href='https:\/\/erwinundfritzle.de\/index.php\/2019\/07\/11\/ich-packe-meinen-koffer\/#respond'>(0) <\/a><\/span><\/div><div class='tpg-excerpt'>Ereignisreiche Tage liegen hinter uns. Wo k\u00f6nnte man diese entspannter Revue passieren lassen als im...<\/div><div class='post-meta '><span class='read-more'><a data-id='487' class='' href='https:\/\/erwinundfritzle.de\/index.php\/2019\/07\/11\/ich-packe-meinen-koffer\/'>Read More<\/a><\/span><\/div><\/div><\/div><\/div><div class=\"rt-col-md-4 rt-col-sm-6 rt-col-xs-12 even-grid-item rt-grid-item\" data-id=\"435\"><div class=\"rt-holder\"><div class='rt-detail'><h3 class=\"entry-title\"><a data-id=\"435\" class=\"\" href=\"https:\/\/erwinundfritzle.de\/index.php\/2019\/07\/10\/yepi-yepi-yeah-es-geht-aufs-klotok\/\">Yepi Yepi Yeah, es geht auf&#8217;s Klotok!<\/a><\/h3><div class='post-meta-user  '><span class='author'><i class='flaticon-user '><\/i><a href=\"https:\/\/erwinundfritzle.de\/index.php\/author\/fritzle\/\">Fritzle<\/a><\/span><span class='date'><i class='flaticon-calendar '><\/i>10. Juli 2019<\/span><span class='categories-links'><i class='flaticon-folder '><\/i><a class=\"borneo\" href=\"https:\/\/erwinundfritzle.de\/index.php\/category\/borneo\/\" rel=\"tag\">Borneo<\/a><span class=\"rt-separator\">,<\/span><a class=\"indonesien\" href=\"https:\/\/erwinundfritzle.de\/index.php\/category\/indonesien\/\" rel=\"tag\">Indonesien<\/a><span class=\"rt-separator\">,<\/span><a class=\"pangkalan-bun\" href=\"https:\/\/erwinundfritzle.de\/index.php\/category\/pangkalan-bun\/\" rel=\"tag\">Pangkalan Bun<\/a><span class=\"rt-separator\">,<\/span><a class=\"suedostasien2019\" href=\"https:\/\/erwinundfritzle.de\/index.php\/category\/suedostasien2019\/\" rel=\"tag\">S\u00fcdostasien2019<\/a><span class=\"rt-separator\">,<\/span><a class=\"tag-19-20-und-21\" href=\"https:\/\/erwinundfritzle.de\/index.php\/category\/tag-19-20-und-21\/\" rel=\"tag\">Tag 19, 20 und 21<\/a><\/span><span class=\"comment-count\"><i class='flaticon-chat '><\/i><a href='https:\/\/erwinundfritzle.de\/index.php\/2019\/07\/10\/yepi-yepi-yeah-es-geht-aufs-klotok\/#respond'>(0) <\/a><\/span><\/div><div class='tpg-excerpt'>Aufgrund der Flugvorverlegung klingelte der Wecker schon um 2 Uhr. Gar nicht mal so schlimm...<\/div><div class='post-meta '><span class='read-more'><a data-id='435' class='' href='https:\/\/erwinundfritzle.de\/index.php\/2019\/07\/10\/yepi-yepi-yeah-es-geht-aufs-klotok\/'>Read More<\/a><\/span><\/div><\/div><\/div><\/div><div class=\"rt-col-md-4 rt-col-sm-6 rt-col-xs-12 even-grid-item rt-grid-item\" data-id=\"420\"><div class=\"rt-holder\"><div class='rt-detail'><h3 class=\"entry-title\"><a data-id=\"420\" class=\"\" href=\"https:\/\/erwinundfritzle.de\/index.php\/2019\/07\/07\/nichts-ist-unmoeglich\/\">Nichts ist unm\u00f6glich<\/a><\/h3><div class='post-meta-user  '><span class='author'><i class='flaticon-user '><\/i><a href=\"https:\/\/erwinundfritzle.de\/index.php\/author\/fritzle\/\">Fritzle<\/a><\/span><span class='date'><i class='flaticon-calendar '><\/i>7. Juli 2019<\/span><span class='categories-links'><i class='flaticon-folder '><\/i><a class=\"indonesien\" href=\"https:\/\/erwinundfritzle.de\/index.php\/category\/indonesien\/\" rel=\"tag\">Indonesien<\/a><span class=\"rt-separator\">,<\/span><a class=\"jakarta\" href=\"https:\/\/erwinundfritzle.de\/index.php\/category\/jakarta\/\" rel=\"tag\">Jakarta<\/a><span class=\"rt-separator\">,<\/span><a class=\"suedostasien2019\" href=\"https:\/\/erwinundfritzle.de\/index.php\/category\/suedostasien2019\/\" rel=\"tag\">S\u00fcdostasien2019<\/a><span class=\"rt-separator\">,<\/span><a class=\"tag-18\" href=\"https:\/\/erwinundfritzle.de\/index.php\/category\/tag-18\/\" rel=\"tag\">Tag 18<\/a><\/span><span class=\"comment-count\"><i class='flaticon-chat '><\/i><a href='https:\/\/erwinundfritzle.de\/index.php\/2019\/07\/07\/nichts-ist-unmoeglich\/#respond'>(0) <\/a><\/span><\/div><div class='tpg-excerpt'>Die Geschichte unseres Tages ist schnell erz\u00e4hlt. Von 4.30 bis 5.30 Uhr lauschten wir zun\u00e4chst...<\/div><div class='post-meta '><span class='read-more'><a data-id='420' class='' href='https:\/\/erwinundfritzle.de\/index.php\/2019\/07\/07\/nichts-ist-unmoeglich\/'>Read More<\/a><\/span><\/div><\/div><\/div><\/div><div class=\"rt-col-md-4 rt-col-sm-6 rt-col-xs-12 even-grid-item rt-grid-item\" data-id=\"401\"><div class=\"rt-holder\"><div class='rt-detail'><h3 class=\"entry-title\"><a data-id=\"401\" class=\"\" href=\"https:\/\/erwinundfritzle.de\/index.php\/2019\/07\/06\/bitte-kein-herzinfarkt\/\">Bitte kein Herzinfarkt<\/a><\/h3><div class='post-meta-user  '><span class='author'><i class='flaticon-user '><\/i><a href=\"https:\/\/erwinundfritzle.de\/index.php\/author\/erwin\/\">Erwin<\/a><\/span><span class='date'><i class='flaticon-calendar '><\/i>6. Juli 2019<\/span><span class='categories-links'><i class='flaticon-folder '><\/i><a class=\"bogor\" href=\"https:\/\/erwinundfritzle.de\/index.php\/category\/bogor\/\" rel=\"tag\">Bogor<\/a><span class=\"rt-separator\">,<\/span><a class=\"indonesien\" href=\"https:\/\/erwinundfritzle.de\/index.php\/category\/indonesien\/\" rel=\"tag\">Indonesien<\/a><span class=\"rt-separator\">,<\/span><a class=\"jakarta\" href=\"https:\/\/erwinundfritzle.de\/index.php\/category\/jakarta\/\" rel=\"tag\">Jakarta<\/a><span class=\"rt-separator\">,<\/span><a class=\"suedostasien2019\" href=\"https:\/\/erwinundfritzle.de\/index.php\/category\/suedostasien2019\/\" rel=\"tag\">S\u00fcdostasien2019<\/a><span class=\"rt-separator\">,<\/span><a class=\"tag-16-und-17\" href=\"https:\/\/erwinundfritzle.de\/index.php\/category\/tag-16-und-17\/\" rel=\"tag\">Tag 16 und 17<\/a><\/span><span class=\"comment-count\"><i class='flaticon-chat '><\/i><a href='https:\/\/erwinundfritzle.de\/index.php\/2019\/07\/06\/bitte-kein-herzinfarkt\/#respond'>(0) <\/a><\/span><\/div><div class='tpg-excerpt'>Nach den aufregenden Erlebnissen auf den Stra\u00dfen rund um Bogor g\u00f6nnten wir uns f\u00fcr die...<\/div><div class='post-meta '><span class='read-more'><a data-id='401' class='' href='https:\/\/erwinundfritzle.de\/index.php\/2019\/07\/06\/bitte-kein-herzinfarkt\/'>Read More<\/a><\/span><\/div><\/div><\/div><\/div><div class=\"rt-col-md-4 rt-col-sm-6 rt-col-xs-12 even-grid-item rt-grid-item\" data-id=\"355\"><div class=\"rt-holder\"><div class='rt-detail'><h3 class=\"entry-title\"><a data-id=\"355\" class=\"\" href=\"https:\/\/erwinundfritzle.de\/index.php\/2019\/07\/04\/gut-geteert-kann-jeder\/\">Gut geteert kann jeder<\/a><\/h3><div class='post-meta-user  '><span class='author'><i class='flaticon-user '><\/i><a href=\"https:\/\/erwinundfritzle.de\/index.php\/author\/fritzle\/\">Fritzle<\/a><\/span><span class='date'><i class='flaticon-calendar '><\/i>4. Juli 2019<\/span><span class='categories-links'><i class='flaticon-folder '><\/i><a class=\"bogor\" href=\"https:\/\/erwinundfritzle.de\/index.php\/category\/bogor\/\" rel=\"tag\">Bogor<\/a><span class=\"rt-separator\">,<\/span><a class=\"indonesien\" href=\"https:\/\/erwinundfritzle.de\/index.php\/category\/indonesien\/\" rel=\"tag\">Indonesien<\/a><span class=\"rt-separator\">,<\/span><a class=\"suedostasien2019\" href=\"https:\/\/erwinundfritzle.de\/index.php\/category\/suedostasien2019\/\" rel=\"tag\">S\u00fcdostasien2019<\/a><span class=\"rt-separator\">,<\/span><a class=\"tag-15\" href=\"https:\/\/erwinundfritzle.de\/index.php\/category\/tag-15\/\" rel=\"tag\">Tag 15<\/a><\/span><span class=\"comment-count\"><i class='flaticon-chat '><\/i><a href='https:\/\/erwinundfritzle.de\/index.php\/2019\/07\/04\/gut-geteert-kann-jeder\/#respond'>(0) <\/a><\/span><\/div><div class='tpg-excerpt'>Es ist 6.30 Uhr. Wie jeden Morgen wird der Partyflur wach und alle Familien eilen...<\/div><div class='post-meta '><span class='read-more'><a data-id='355' class='' href='https:\/\/erwinundfritzle.de\/index.php\/2019\/07\/04\/gut-geteert-kann-jeder\/'>Read More<\/a><\/span><\/div><\/div><\/div><\/div><\/div><div class='rt-pagination-wrap' data-total-pages='3' data-posts-per-page='9' data-type='pagination'  ><div class=\"rt-pagination\" ><ul class=\"pagination-list\"><li class=\"active\"><span>1<\/span><\/li><li><a data-paged='2' href='https:\/\/erwinundfritzle.de\/index.php\/wp-json\/wp\/v2\/pages\/2342\/page\/2\/'>2<\/a><\/li><li><a data-paged='3' href='https:\/\/erwinundfritzle.de\/index.php\/wp-json\/wp\/v2\/pages\/2342\/page\/3\/'>3<\/a><\/li><\/ul><\/div><\/div><\/div>\n","protected":false},"excerpt":{"rendered":"","protected":false},"author":3,"featured_media":0,"parent":610,"menu_order":105,"comment_status":"closed","ping_status":"closed","template":"","meta":{"inspiro_hide_title":false,"footnotes":""},"class_list":["post-2342","page","type-page","status-publish","hentry"],"jetpack_sharing_enabled":true,"jetpack-related-posts":[{"id":2326,"url":"https:\/\/erwinundfritzle.de\/index.php\/reiseblogs\/namibia-2024\/","url_meta":{"origin":2342,"position":0},"title":"Namibia 2024","author":"Erwin","date":"12. M\u00e4rz 2026","format":false,"excerpt":"","rel":"","context":"\u00c4hnlicher Beitrag","block_context":{"text":"\u00c4hnlicher Beitrag","link":""},"img":{"alt_text":"","src":"","width":0,"height":0},"classes":[]},{"id":2346,"url":"https:\/\/erwinundfritzle.de\/index.php\/reiseblogs\/bayer-2021\/","url_meta":{"origin":2342,"position":1},"title":"Bayern 2021","author":"Erwin","date":"13. M\u00e4rz 2026","format":false,"excerpt":"","rel":"","context":"\u00c4hnlicher Beitrag","block_context":{"text":"\u00c4hnlicher Beitrag","link":""},"img":{"alt_text":"","src":"","width":0,"height":0},"classes":[]}],"rttpg_featured_image_url":null,"rttpg_author":{"display_name":"Erwin","author_link":"https:\/\/erwinundfritzle.de\/index.php\/author\/erwin\/"},"rttpg_comment":0,"rttpg_category":"","rttpg_excerpt":null,"_links":{"self":[{"href":"https:\/\/erwinundfritzle.de\/index.php\/wp-json\/wp\/v2\/pages\/2342","targetHints":{"allow":["GET"]}}],"collection":[{"href":"https:\/\/erwinundfritzle.de\/index.php\/wp-json\/wp\/v2\/pages"}],"about":[{"href":"https:\/\/erwinundfritzle.de\/index.php\/wp-json\/wp\/v2\/types\/page"}],"author":[{"embeddable":true,"href":"https:\/\/erwinundfritzle.de\/index.php\/wp-json\/wp\/v2\/users\/3"}],"replies":[{"embeddable":true,"href":"https:\/\/erwinundfritzle.de\/index.php\/wp-json\/wp\/v2\/comments?post=2342"}],"version-history":[{"count":1,"href":"https:\/\/erwinundfritzle.de\/index.php\/wp-json\/wp\/v2\/pages\/2342\/revisions"}],"predecessor-version":[{"id":2344,"href":"https:\/\/erwinundfritzle.de\/index.php\/wp-json\/wp\/v2\/pages\/2342\/revisions\/2344"}],"up":[{"embeddable":true,"href":"https:\/\/erwinundfritzle.de\/index.php\/wp-json\/wp\/v2\/pages\/610"}],"wp:attachment":[{"href":"https:\/\/erwinundfritzle.de\/index.php\/wp-json\/wp\/v2\/media?parent=2342"}],"curies":[{"name":"wp","href":"https:\/\/api.w.org\/{rel}","templated":true}]}}