{"id":610,"date":"2020-06-22T20:11:52","date_gmt":"2020-06-22T18:11:52","guid":{"rendered":"https:\/\/erwinundfritzle.de\/?page_id=610"},"modified":"2026-03-13T18:10:41","modified_gmt":"2026-03-13T17:10:41","slug":"reiseblogs","status":"publish","type":"page","link":"https:\/\/erwinundfritzle.de\/index.php\/reiseblogs\/","title":{"rendered":"Reiseblogs"},"content":{"rendered":"<ul class=\"wp-block-page-list\"><li class=\"wp-block-pages-list__item has-child\"><a class=\"wp-block-pages-list__item__link\" href=\"https:\/\/erwinundfritzle.de\/index.php\/reiseblogs\/namibia-2024\/\">Namibia 2024<\/a><ul class=\"wp-block-navigation__submenu-container\"><li class=\"wp-block-pages-list__item \"><a class=\"wp-block-pages-list__item__link\" href=\"https:\/\/erwinundfritzle.de\/index.php\/reiseblogs\/namibia-2024\/reiseroute-2\/\">Reiseroute Namibia<\/a><\/li><\/ul><\/li><li class=\"wp-block-pages-list__item\"><a class=\"wp-block-pages-list__item__link\" href=\"https:\/\/erwinundfritzle.de\/index.php\/reiseblogs\/schottland-2023\/\">Schottland 2023<\/a><\/li><li class=\"wp-block-pages-list__item\"><a class=\"wp-block-pages-list__item__link\" href=\"https:\/\/erwinundfritzle.de\/index.php\/reiseblogs\/kanada-2022\/\">Kanada 2022<\/a><\/li><li class=\"wp-block-pages-list__item\"><a class=\"wp-block-pages-list__item__link\" href=\"https:\/\/erwinundfritzle.de\/index.php\/reiseblogs\/bayer-2021\/\">Bayern 2021<\/a><\/li><li class=\"wp-block-pages-list__item\"><a class=\"wp-block-pages-list__item__link\" href=\"https:\/\/erwinundfritzle.de\/index.php\/reiseblogs\/bayern-2020\/\">Bayern 2020<\/a><\/li><li class=\"wp-block-pages-list__item has-child\"><a class=\"wp-block-pages-list__item__link\" href=\"https:\/\/erwinundfritzle.de\/index.php\/reiseblogs\/suedostasien-2019\/\">S\u00fcdostasien 2019<\/a><ul class=\"wp-block-navigation__submenu-container\"><li class=\"wp-block-pages-list__item \"><a class=\"wp-block-pages-list__item__link\" href=\"https:\/\/erwinundfritzle.de\/index.php\/reiseblogs\/suedostasien-2019\/reiseroute\/\">Reiseroute Asien<\/a><\/li><\/ul><\/li><\/ul>","protected":false},"excerpt":{"rendered":"","protected":false},"author":3,"featured_media":0,"parent":0,"menu_order":0,"comment_status":"closed","ping_status":"closed","template":"","meta":{"inspiro_hide_title":false,"footnotes":""},"class_list":["post-610","page","type-page","status-publish","hentry"],"jetpack_sharing_enabled":true,"jetpack-related-posts":[{"id":39,"url":"https:\/\/erwinundfritzle.de\/index.php\/reiseblogs\/suedostasien-2019\/reiseroute\/","url_meta":{"origin":610,"position":0},"title":"Reiseroute Asien","author":"Fritzle","date":"29. Mai 2019","format":false,"excerpt":"","rel":"","context":"\u00c4hnlicher Beitrag","block_context":{"text":"\u00c4hnlicher Beitrag","link":""},"img":{"alt_text":"","src":"","width":0,"height":0},"classes":[]},{"id":1658,"url":"https:\/\/erwinundfritzle.de\/index.php\/reiseblogs\/namibia-2024\/reiseroute-2\/","url_meta":{"origin":610,"position":1},"title":"Reiseroute Namibia","author":"Erwin","date":"8. August 2024","format":false,"excerpt":"Gesamtroute: 2884kmGesch\u00e4tze Fahrtzeit: 35h 43min (plus Pipipausen)15 \u00dcbernachtungen in 11 Lodges","rel":"","context":"\u00c4hnlicher Beitrag","block_context":{"text":"\u00c4hnlicher Beitrag","link":""},"img":{"alt_text":"","src":"","width":0,"height":0},"classes":[]},{"id":2326,"url":"https:\/\/erwinundfritzle.de\/index.php\/reiseblogs\/namibia-2024\/","url_meta":{"origin":610,"position":2},"title":"Namibia 2024","author":"Erwin","date":"12. M\u00e4rz 2026","format":false,"excerpt":"","rel":"","context":"\u00c4hnlicher Beitrag","block_context":{"text":"\u00c4hnlicher Beitrag","link":""},"img":{"alt_text":"","src":"","width":0,"height":0},"classes":[]},{"id":2346,"url":"https:\/\/erwinundfritzle.de\/index.php\/reiseblogs\/bayer-2021\/","url_meta":{"origin":610,"position":3},"title":"Bayern 2021","author":"Erwin","date":"13. M\u00e4rz 2026","format":false,"excerpt":"","rel":"","context":"\u00c4hnlicher Beitrag","block_context":{"text":"\u00c4hnlicher Beitrag","link":""},"img":{"alt_text":"","src":"","width":0,"height":0},"classes":[]}],"rttpg_featured_image_url":null,"rttpg_author":{"display_name":"Erwin","author_link":"https:\/\/erwinundfritzle.de\/index.php\/author\/erwin\/"},"rttpg_comment":0,"rttpg_category":null,"rttpg_excerpt":null,"_links":{"self":[{"href":"https:\/\/erwinundfritzle.de\/index.php\/wp-json\/wp\/v2\/pages\/610","targetHints":{"allow":["GET"]}}],"collection":[{"href":"https:\/\/erwinundfritzle.de\/index.php\/wp-json\/wp\/v2\/pages"}],"about":[{"href":"https:\/\/erwinundfritzle.de\/index.php\/wp-json\/wp\/v2\/types\/page"}],"author":[{"embeddable":true,"href":"https:\/\/erwinundfritzle.de\/index.php\/wp-json\/wp\/v2\/users\/3"}],"replies":[{"embeddable":true,"href":"https:\/\/erwinundfritzle.de\/index.php\/wp-json\/wp\/v2\/comments?post=610"}],"version-history":[{"count":4,"href":"https:\/\/erwinundfritzle.de\/index.php\/wp-json\/wp\/v2\/pages\/610\/revisions"}],"predecessor-version":[{"id":2378,"href":"https:\/\/erwinundfritzle.de\/index.php\/wp-json\/wp\/v2\/pages\/610\/revisions\/2378"}],"wp:attachment":[{"href":"https:\/\/erwinundfritzle.de\/index.php\/wp-json\/wp\/v2\/media?parent=610"}],"curies":[{"name":"wp","href":"https:\/\/api.w.org\/{rel}","templated":true}]}}